{"id":118,"date":"2025-10-06T13:57:20","date_gmt":"2025-10-06T17:57:20","guid":{"rendered":"https:\/\/kanica.ca\/cookie-policy\/"},"modified":"2025-10-10T14:15:23","modified_gmt":"2025-10-10T18:15:23","slug":"politique-de-cookies","status":"publish","type":"page","link":"https:\/\/kanica.ca\/fr\/politique-de-cookies\/","title":{"rendered":"Politique de cookies"},"content":{"rendered":"[vc_row type=\u00a0\u00bbin_container\u00a0\u00bb full_screen_row_position=\u00a0\u00bbmiddle\u00a0\u00bb column_margin=\u00a0\u00bbdefault\u00a0\u00bb column_direction=\u00a0\u00bbdefault\u00a0\u00bb column_direction_tablet=\u00a0\u00bbdefault\u00a0\u00bb column_direction_phone=\u00a0\u00bbdefault\u00a0\u00bb scene_position=\u00a0\u00bbcenter\u00a0\u00bb text_color=\u00a0\u00bbdark\u00a0\u00bb text_align=\u00a0\u00bbleft\u00a0\u00bb row_border_radius=\u00a0\u00bbnone\u00a0\u00bb row_border_radius_applies=\u00a0\u00bbbg\u00a0\u00bb overflow=\u00a0\u00bbvisible\u00a0\u00bb overlay_strength=\u00a0\u00bb0.3&Prime; gradient_direction=\u00a0\u00bbleft_to_right\u00a0\u00bb shape_divider_position=\u00a0\u00bbbottom\u00a0\u00bb bg_image_animation=\u00a0\u00bbnone\u00a0\u00bb][vc_column column_padding=\u00a0\u00bbno-extra-padding\u00a0\u00bb column_padding_tablet=\u00a0\u00bbinherit\u00a0\u00bb column_padding_phone=\u00a0\u00bbinherit\u00a0\u00bb column_padding_position=\u00a0\u00bball\u00a0\u00bb column_element_direction_desktop=\u00a0\u00bbdefault\u00a0\u00bb column_element_spacing=\u00a0\u00bbdefault\u00a0\u00bb desktop_text_alignment=\u00a0\u00bbdefault\u00a0\u00bb tablet_text_alignment=\u00a0\u00bbdefault\u00a0\u00bb phone_text_alignment=\u00a0\u00bbdefault\u00a0\u00bb background_color_opacity=\u00a0\u00bb1&Prime; background_hover_color_opacity=\u00a0\u00bb1&Prime; column_backdrop_filter=\u00a0\u00bbnone\u00a0\u00bb column_shadow=\u00a0\u00bbnone\u00a0\u00bb column_border_radius=\u00a0\u00bbnone\u00a0\u00bb column_link_target=\u00a0\u00bb_self\u00a0\u00bb column_position=\u00a0\u00bbdefault\u00a0\u00bb gradient_direction=\u00a0\u00bbleft_to_right\u00a0\u00bb overlay_strength=\u00a0\u00bb0.3&Prime; width=\u00a0\u00bb1\/1&Prime; tablet_width_inherit=\u00a0\u00bbdefault\u00a0\u00bb animation_type=\u00a0\u00bbdefault\u00a0\u00bb bg_image_animation=\u00a0\u00bbnone\u00a0\u00bb border_type=\u00a0\u00bbsimple\u00a0\u00bb column_border_width=\u00a0\u00bbnone\u00a0\u00bb column_border_style=\u00a0\u00bbsolid\u00a0\u00bb][split_line_heading animation_type=\u00a0\u00bbline-reveal-by-space\u00a0\u00bb font_style=\u00a0\u00bbh1&Prime; line_reveal_by_space_text_effect=\u00a0\u00bbdefault\u00a0\u00bb content_alignment=\u00a0\u00bbdefault\u00a0\u00bb mobile_content_alignment=\u00a0\u00bbinherit\u00a0\u00bb link_target=\u00a0\u00bb_self\u00a0\u00bb text_content=\u00a0\u00bbPolitique de cookies\u00a0\u00bb text_direction=\u00a0\u00bbdefault\u00a0\u00bb][\/split_line_heading][vc_column_text css=\u00a0\u00bb\u00a0\u00bb text_direction=\u00a0\u00bbdefault\u00a0\u00bb]Derni\u00e8re mise \u00e0 jour : 5 septembre 2025<\/p>\n<h2><b>Introduction<\/b><\/h2>\n<p>La pr\u00e9sente politique en mati\u00e8re de cookies explique comment nous utilisons les cookies et les technologies similaires sur notre site web, kanica.ca. En utilisant notre site web, vous acceptez notre utilisation des cookies telle que d\u00e9crite dans la pr\u00e9sente politique.<\/p>\n<h2><b>Que sont les cookies ?<\/b><\/h2>\n<p>Les cookies sont de petits fichiers texte plac\u00e9s sur votre appareil lorsque vous visitez un site Web. Ils sont largement utilis\u00e9s pour am\u00e9liorer le fonctionnement des sites Web et fournir des informations aux propri\u00e9taires de sites Web.<\/p>\n<h2><b>Types de cookies que nous utilisons<\/b><\/h2>\n<p>Nous utilisons les types de cookies suivants :<\/p>\n<ul>\n<li aria-level=\"1\"><strong>Cookies essentiels :<\/strong> ces cookies sont n\u00e9cessaires au bon fonctionnement du site Web. Ils permettent d&rsquo;utiliser des fonctionnalit\u00e9s de base telles que la navigation sur les pages et l&rsquo;acc\u00e8s \u00e0 des zones s\u00e9curis\u00e9es. Vous ne pouvez pas refuser ces cookies.<\/li>\n<li aria-level=\"1\"><strong>Cookies de performance<\/strong> : ces cookies nous permettent de compter les visites et les sources de trafic afin de mesurer et d&rsquo;am\u00e9liorer les performances de notre site web. Ils nous aident \u00e0 comprendre comment les visiteurs interagissent avec notre site. Toutes les informations collect\u00e9es par ces cookies sont agr\u00e9g\u00e9es et anonymes.<\/li>\n<li aria-level=\"1\"><strong>Cookies de fonctionnalit\u00e9 :<\/strong> ces cookies permettent d&rsquo;am\u00e9liorer les fonctionnalit\u00e9s et la personnalisation de notre site web. Ils peuvent \u00eatre d\u00e9finis par nous ou par des fournisseurs tiers dont nous avons ajout\u00e9 les services \u00e0 nos pages.<\/li>\n<li aria-level=\"1\"><strong>Cookies publicitaires\/cibl\u00e9s :<\/strong> nous utilisons ces cookies pour vous proposer des publicit\u00e9s adapt\u00e9es \u00e0 vos centres d&rsquo;int\u00e9r\u00eat. Ils peuvent \u00e9galement \u00eatre utilis\u00e9s pour limiter la fr\u00e9quence \u00e0 laquelle vous voyez une publicit\u00e9. Ces cookies peuvent \u00eatre plac\u00e9s par des r\u00e9seaux publicitaires ou des plateformes de r\u00e9seaux sociaux.<\/li>\n<\/ul>\n<h2><b>Cookies tiers<\/b><\/h2>\n<p>Nous pouvons utiliser des services tiers qui utilisent \u00e9galement des cookies pour fournir leurs fonctionnalit\u00e9s. Ces services comprennent :<\/p>\n<ul>\n<li aria-level=\"1\"><strong>Facebook Pixel :<\/strong> nous utilisons Facebook Pixel pour mesurer l&rsquo;efficacit\u00e9 de nos campagnes publicitaires et mieux comprendre les visiteurs de notre site web.<\/li>\n<li aria-level=\"1\"><strong>YouTube<\/strong> : nous pouvons int\u00e9grer des vid\u00e9os de notre cha\u00eene YouTube officielle sur notre site web. YouTube peut installer des cookies sur votre appareil lorsque vous visitez une page contenant des vid\u00e9os int\u00e9gr\u00e9es.<\/li>\n<li aria-level=\"1\"><strong>Google Tag Manager :<\/strong> nous utilisons Google Tag Manager pour g\u00e9rer divers balises et scripts sur notre site web. Il peut installer des cookies pour permettre son fonctionnement.<\/li>\n<li aria-level=\"1\"><strong>Google Analytics :<\/strong> nous utilisons Google Analytics pour collecter des informations sur la mani\u00e8re dont les visiteurs utilisent notre site web. Ces informations sont utilis\u00e9es pour compiler des rapports et nous aider \u00e0 am\u00e9liorer le site. Google Analytics peut installer des cookies sur votre appareil.<\/li>\n<\/ul>\n<h2><b>Gestion des cookies<\/b><\/h2>\n<p>Vous pouvez contr\u00f4ler et g\u00e9rer les cookies de diff\u00e9rentes mani\u00e8res. Veuillez noter que la suppression ou le blocage des cookies peut avoir un impact sur votre exp\u00e9rience sur notre site web. Voici quelques options :<\/p>\n<ul>\n<li>La plupart des navigateurs web vous permettent de contr\u00f4ler les cookies via leurs param\u00e8tres. Pour en savoir plus sur les cookies, notamment comment voir quels cookies ont \u00e9t\u00e9 install\u00e9s et comment les g\u00e9rer et les supprimer, rendez-vous sur <a href=\"https:\/\/www.aboutcookies.org\" target=\"_blank\" rel=\"noopener\">www.aboutcookies.org<\/a>.<\/li>\n<li>Vous pouvez d\u00e9sactiver le suivi de Google Analytics en installant le module compl\u00e9mentaire de navigateur pour la d\u00e9sactivation de Google Analytics, disponible \u00e0 l&rsquo;adresse <a href=\"https:\/\/tools.google.com\/dlpage\/gaoptout\" target=\"_blank\" rel=\"noopener\">https:\/\/tools.google.com\/dlpage\/gaoptout<\/a>.<\/li>\n<li>Vous pouvez g\u00e9rer vos pr\u00e9f\u00e9rences publicitaires Facebook et d\u00e9sactiver certaines fonctionnalit\u00e9s publicitaires via les param\u00e8tres de votre compte Facebook.<\/li>\n<li>Pour en savoir plus sur la mani\u00e8re dont YouTube utilise les cookies, rendez-vous sur <a href=\"https:\/\/policies.google.com\/technologies\/cookies\" target=\"_blank\" rel=\"noopener\">https:\/\/policies.google.com\/technologies\/cookies<\/a>.<\/li>\n<\/ul>\n<h2><b>Modifications de la pr\u00e9sente politique<\/b><\/h2>\n<p>Nous pouvons mettre \u00e0 jour la pr\u00e9sente politique en mati\u00e8re de cookies de temps \u00e0 autre afin de refl\u00e9ter les changements apport\u00e9s \u00e0 nos pratiques ou pour d&rsquo;autres raisons op\u00e9rationnelles, juridiques ou r\u00e9glementaires. Toutes les mises \u00e0 jour seront publi\u00e9es sur cette page avec la date de \u00ab derni\u00e8re mise \u00e0 jour \u00bb.<\/p>\n<h2><b>Contactez-nous<\/b><\/h2>\n<p>Si vous avez des questions ou des pr\u00e9occupations concernant notre utilisation des cookies, veuillez nous contacter \u00e0 l&rsquo;adresse suivante : <a href=\"mailto:kanica@sofasexologique.com\">kanica@sofasexologique.com<\/a>[\/vc_column_text][\/vc_column][\/vc_row]\n","protected":false},"excerpt":{"rendered":"<p>[vc_row type=\u00a0\u00bbin_container\u00a0\u00bb full_screen_row_position=\u00a0\u00bbmiddle\u00a0\u00bb column_margin=\u00a0\u00bbdefault\u00a0\u00bb column_direction=\u00a0\u00bbdefault\u00a0\u00bb column_direction_tablet=\u00a0\u00bbdefault\u00a0\u00bb column_direction_phone=\u00a0\u00bbdefault\u00a0\u00bb scene_position=\u00a0\u00bbcenter\u00a0\u00bb text_color=\u00a0\u00bbdark\u00a0\u00bb text_align=\u00a0\u00bbleft\u00a0\u00bb row_border_radius=\u00a0\u00bbnone\u00a0\u00bb row_border_radius_applies=\u00a0\u00bbbg\u00a0\u00bb overflow=\u00a0\u00bbvisible\u00a0\u00bb overlay_strength=\u00a0\u00bb0.3&Prime; gradient_direction=\u00a0\u00bbleft_to_right\u00a0\u00bb shape_divider_position=\u00a0\u00bbbottom\u00a0\u00bb bg_image_animation=\u00a0\u00bbnone\u00a0\u00bb][vc_column column_padding=\u00a0\u00bbno-extra-padding\u00a0\u00bb column_padding_tablet=\u00a0\u00bbinherit\u00a0\u00bb column_padding_phone=\u00a0\u00bbinherit\u00a0\u00bb column_padding_position=\u00a0\u00bball\u00a0\u00bb column_element_direction_desktop=\u00a0\u00bbdefault\u00a0\u00bb column_element_spacing=\u00a0\u00bbdefault\u00a0\u00bb desktop_text_alignment=\u00a0\u00bbdefault\u00a0\u00bb tablet_text_alignment=\u00a0\u00bbdefault\u00a0\u00bb phone_text_alignment=\u00a0\u00bbdefault\u00a0\u00bb background_color_opacity=\u00a0\u00bb1&Prime; background_hover_color_opacity=\u00a0\u00bb1&Prime; column_backdrop_filter=\u00a0\u00bbnone\u00a0\u00bb column_shadow=\u00a0\u00bbnone\u00a0\u00bb&#8230;<\/p>\n","protected":false},"author":1,"featured_media":0,"parent":0,"menu_order":0,"comment_status":"closed","ping_status":"closed","template":"templates\/template-conditions-politique.php","meta":{"_acf_changed":false,"footnotes":""},"class_list":["post-118","page","type-page","status-publish"],"acf":[],"yoast_head":"<!-- This site is optimized with the Yoast SEO plugin v26.1.1 - https:\/\/yoast.com\/wordpress\/plugins\/seo\/ -->\n<title>Politique de cookies - Kanica Saphan<\/title>\n<meta name=\"robots\" content=\"index, follow, max-snippet:-1, max-image-preview:large, max-video-preview:-1\" \/>\n<link rel=\"canonical\" href=\"https:\/\/kanica.ca\/fr\/politique-de-cookies\/\" \/>\n<meta property=\"og:locale\" content=\"fr_FR\" \/>\n<meta property=\"og:type\" content=\"article\" \/>\n<meta property=\"og:title\" content=\"Politique de cookies - Kanica Saphan\" \/>\n<meta property=\"og:description\" content=\"[vc_row type=\u00a0\u00bbin_container\u00a0\u00bb full_screen_row_position=\u00a0\u00bbmiddle\u00a0\u00bb column_margin=\u00a0\u00bbdefault\u00a0\u00bb column_direction=\u00a0\u00bbdefault\u00a0\u00bb column_direction_tablet=\u00a0\u00bbdefault\u00a0\u00bb column_direction_phone=\u00a0\u00bbdefault\u00a0\u00bb scene_position=\u00a0\u00bbcenter\u00a0\u00bb text_color=\u00a0\u00bbdark\u00a0\u00bb text_align=\u00a0\u00bbleft\u00a0\u00bb row_border_radius=\u00a0\u00bbnone\u00a0\u00bb row_border_radius_applies=\u00a0\u00bbbg\u00a0\u00bb overflow=\u00a0\u00bbvisible\u00a0\u00bb overlay_strength=\u00a0\u00bb0.3&Prime; gradient_direction=\u00a0\u00bbleft_to_right\u00a0\u00bb shape_divider_position=\u00a0\u00bbbottom\u00a0\u00bb bg_image_animation=\u00a0\u00bbnone\u00a0\u00bb][vc_column column_padding=\u00a0\u00bbno-extra-padding\u00a0\u00bb column_padding_tablet=\u00a0\u00bbinherit\u00a0\u00bb column_padding_phone=\u00a0\u00bbinherit\u00a0\u00bb column_padding_position=\u00a0\u00bball\u00a0\u00bb column_element_direction_desktop=\u00a0\u00bbdefault\u00a0\u00bb column_element_spacing=\u00a0\u00bbdefault\u00a0\u00bb desktop_text_alignment=\u00a0\u00bbdefault\u00a0\u00bb tablet_text_alignment=\u00a0\u00bbdefault\u00a0\u00bb phone_text_alignment=\u00a0\u00bbdefault\u00a0\u00bb background_color_opacity=\u00a0\u00bb1&Prime; background_hover_color_opacity=\u00a0\u00bb1&Prime; column_backdrop_filter=\u00a0\u00bbnone\u00a0\u00bb column_shadow=\u00a0\u00bbnone\u00a0\u00bb...\" \/>\n<meta property=\"og:url\" content=\"https:\/\/kanica.ca\/fr\/politique-de-cookies\/\" \/>\n<meta property=\"og:site_name\" content=\"Kanica Saphan\" \/>\n<meta property=\"article:modified_time\" content=\"2025-10-10T18:15:23+00:00\" \/>\n<meta name=\"twitter:card\" content=\"summary_large_image\" \/>\n<meta name=\"twitter:label1\" content=\"Dur\u00e9e de lecture estim\u00e9e\" \/>\n\t<meta name=\"twitter:data1\" content=\"3 minutes\" \/>\n<script type=\"application\/ld+json\" class=\"yoast-schema-graph\">{\"@context\":\"https:\/\/schema.org\",\"@graph\":[{\"@type\":\"WebPage\",\"@id\":\"https:\/\/kanica.ca\/fr\/politique-de-cookies\/\",\"url\":\"https:\/\/kanica.ca\/fr\/politique-de-cookies\/\",\"name\":\"Politique de cookies - Kanica Saphan\",\"isPartOf\":{\"@id\":\"https:\/\/kanica.ca\/fr\/#website\"},\"datePublished\":\"2025-10-06T17:57:20+00:00\",\"dateModified\":\"2025-10-10T18:15:23+00:00\",\"breadcrumb\":{\"@id\":\"https:\/\/kanica.ca\/fr\/politique-de-cookies\/#breadcrumb\"},\"inLanguage\":\"fr-FR\",\"potentialAction\":[{\"@type\":\"ReadAction\",\"target\":[\"https:\/\/kanica.ca\/fr\/politique-de-cookies\/\"]}]},{\"@type\":\"BreadcrumbList\",\"@id\":\"https:\/\/kanica.ca\/fr\/politique-de-cookies\/#breadcrumb\",\"itemListElement\":[{\"@type\":\"ListItem\",\"position\":1,\"name\":\"Home\",\"item\":\"https:\/\/kanica.ca\/fr\/sample-page\/\"},{\"@type\":\"ListItem\",\"position\":2,\"name\":\"Politique de cookies\"}]},{\"@type\":\"WebSite\",\"@id\":\"https:\/\/kanica.ca\/fr\/#website\",\"url\":\"https:\/\/kanica.ca\/fr\/\",\"name\":\"Kanica Saphan\",\"description\":\"\",\"potentialAction\":[{\"@type\":\"SearchAction\",\"target\":{\"@type\":\"EntryPoint\",\"urlTemplate\":\"https:\/\/kanica.ca\/fr\/?s={search_term_string}\"},\"query-input\":{\"@type\":\"PropertyValueSpecification\",\"valueRequired\":true,\"valueName\":\"search_term_string\"}}],\"inLanguage\":\"fr-FR\"}]}<\/script>\n<!-- \/ Yoast SEO plugin. -->","yoast_head_json":{"title":"Politique de cookies - Kanica Saphan","robots":{"index":"index","follow":"follow","max-snippet":"max-snippet:-1","max-image-preview":"max-image-preview:large","max-video-preview":"max-video-preview:-1"},"canonical":"https:\/\/kanica.ca\/fr\/politique-de-cookies\/","og_locale":"fr_FR","og_type":"article","og_title":"Politique de cookies - Kanica Saphan","og_description":"[vc_row type=\u00a0\u00bbin_container\u00a0\u00bb full_screen_row_position=\u00a0\u00bbmiddle\u00a0\u00bb column_margin=\u00a0\u00bbdefault\u00a0\u00bb column_direction=\u00a0\u00bbdefault\u00a0\u00bb column_direction_tablet=\u00a0\u00bbdefault\u00a0\u00bb column_direction_phone=\u00a0\u00bbdefault\u00a0\u00bb scene_position=\u00a0\u00bbcenter\u00a0\u00bb text_color=\u00a0\u00bbdark\u00a0\u00bb text_align=\u00a0\u00bbleft\u00a0\u00bb row_border_radius=\u00a0\u00bbnone\u00a0\u00bb row_border_radius_applies=\u00a0\u00bbbg\u00a0\u00bb overflow=\u00a0\u00bbvisible\u00a0\u00bb overlay_strength=\u00a0\u00bb0.3&Prime; gradient_direction=\u00a0\u00bbleft_to_right\u00a0\u00bb shape_divider_position=\u00a0\u00bbbottom\u00a0\u00bb bg_image_animation=\u00a0\u00bbnone\u00a0\u00bb][vc_column column_padding=\u00a0\u00bbno-extra-padding\u00a0\u00bb column_padding_tablet=\u00a0\u00bbinherit\u00a0\u00bb column_padding_phone=\u00a0\u00bbinherit\u00a0\u00bb column_padding_position=\u00a0\u00bball\u00a0\u00bb column_element_direction_desktop=\u00a0\u00bbdefault\u00a0\u00bb column_element_spacing=\u00a0\u00bbdefault\u00a0\u00bb desktop_text_alignment=\u00a0\u00bbdefault\u00a0\u00bb tablet_text_alignment=\u00a0\u00bbdefault\u00a0\u00bb phone_text_alignment=\u00a0\u00bbdefault\u00a0\u00bb background_color_opacity=\u00a0\u00bb1&Prime; background_hover_color_opacity=\u00a0\u00bb1&Prime; column_backdrop_filter=\u00a0\u00bbnone\u00a0\u00bb column_shadow=\u00a0\u00bbnone\u00a0\u00bb...","og_url":"https:\/\/kanica.ca\/fr\/politique-de-cookies\/","og_site_name":"Kanica Saphan","article_modified_time":"2025-10-10T18:15:23+00:00","twitter_card":"summary_large_image","twitter_misc":{"Dur\u00e9e de lecture estim\u00e9e":"3 minutes"},"schema":{"@context":"https:\/\/schema.org","@graph":[{"@type":"WebPage","@id":"https:\/\/kanica.ca\/fr\/politique-de-cookies\/","url":"https:\/\/kanica.ca\/fr\/politique-de-cookies\/","name":"Politique de cookies - Kanica Saphan","isPartOf":{"@id":"https:\/\/kanica.ca\/fr\/#website"},"datePublished":"2025-10-06T17:57:20+00:00","dateModified":"2025-10-10T18:15:23+00:00","breadcrumb":{"@id":"https:\/\/kanica.ca\/fr\/politique-de-cookies\/#breadcrumb"},"inLanguage":"fr-FR","potentialAction":[{"@type":"ReadAction","target":["https:\/\/kanica.ca\/fr\/politique-de-cookies\/"]}]},{"@type":"BreadcrumbList","@id":"https:\/\/kanica.ca\/fr\/politique-de-cookies\/#breadcrumb","itemListElement":[{"@type":"ListItem","position":1,"name":"Home","item":"https:\/\/kanica.ca\/fr\/sample-page\/"},{"@type":"ListItem","position":2,"name":"Politique de cookies"}]},{"@type":"WebSite","@id":"https:\/\/kanica.ca\/fr\/#website","url":"https:\/\/kanica.ca\/fr\/","name":"Kanica Saphan","description":"","potentialAction":[{"@type":"SearchAction","target":{"@type":"EntryPoint","urlTemplate":"https:\/\/kanica.ca\/fr\/?s={search_term_string}"},"query-input":{"@type":"PropertyValueSpecification","valueRequired":true,"valueName":"search_term_string"}}],"inLanguage":"fr-FR"}]}},"_links":{"self":[{"href":"https:\/\/kanica.ca\/fr\/wp-json\/wp\/v2\/pages\/118","targetHints":{"allow":["GET"]}}],"collection":[{"href":"https:\/\/kanica.ca\/fr\/wp-json\/wp\/v2\/pages"}],"about":[{"href":"https:\/\/kanica.ca\/fr\/wp-json\/wp\/v2\/types\/page"}],"author":[{"embeddable":true,"href":"https:\/\/kanica.ca\/fr\/wp-json\/wp\/v2\/users\/1"}],"replies":[{"embeddable":true,"href":"https:\/\/kanica.ca\/fr\/wp-json\/wp\/v2\/comments?post=118"}],"version-history":[{"count":6,"href":"https:\/\/kanica.ca\/fr\/wp-json\/wp\/v2\/pages\/118\/revisions"}],"predecessor-version":[{"id":566,"href":"https:\/\/kanica.ca\/fr\/wp-json\/wp\/v2\/pages\/118\/revisions\/566"}],"wp:attachment":[{"href":"https:\/\/kanica.ca\/fr\/wp-json\/wp\/v2\/media?parent=118"}],"curies":[{"name":"wp","href":"https:\/\/api.w.org\/{rel}","templated":true}]}}